{"id":8358,"date":"2021-09-01T11:20:47","date_gmt":"2021-09-01T16:20:47","guid":{"rendered":"https:\/\/premiumretail.com\/?page_id=8358"},"modified":"2025-04-16T15:21:03","modified_gmt":"2025-04-16T20:21:03","slug":"contact-pour-la-verification-de-lemploi","status":"publish","type":"page","link":"https:\/\/premiumretail.com\/fr-CA\/contact\/contact-pour-la-verification-de-lemploi\/","title":{"rendered":"Contact pour la v\u00e9rification de l\u2019emploi"},"content":{"rendered":"<style>.kb-row-layout-id8358_37dfdc-fd > .kt-row-column-wrap{align-content:center;}:where(.kb-row-layout-id8358_37dfdc-fd > .kt-row-column-wrap) > .wp-block-kadence-column{justify-content:center;}.kb-row-layout-id8358_37dfdc-fd > .kt-row-column-wrap{column-gap:var(--global-kb-gap-md, 2rem);row-gap:var(--global-kb-gap-md, 2rem);max-width:60vw;margin-left:auto;margin-right:auto;padding-top:110px;padding-bottom:80px;grid-template-columns:minmax(0, 1fr);}.kb-row-layout-id8358_37dfdc-fd > .kt-row-layout-overlay{opacity:1;background:linear-gradient(90deg, #EF5513 0%, #9A0082 100%);}@media all and (max-width: 1024px){.kb-row-layout-id8358_37dfdc-fd > .kt-row-column-wrap{padding-top:25px;padding-bottom:25px;grid-template-columns:minmax(0, 1fr);}}@media all and (max-width: 767px){.kb-row-layout-id8358_37dfdc-fd > .kt-row-column-wrap{max-width:90vw;margin-left:auto;margin-right:auto;grid-template-columns:minmax(0, 1fr);}}<\/style><div class=\"kb-row-layout-wrap kb-row-layout-id8358_37dfdc-fd alignfull kt-row-has-bg wp-block-kadence-rowlayout\"><div class=\"kt-row-layout-overlay kt-row-overlay-gradient\"><\/div><div class=\"kt-row-column-wrap kt-has-1-columns kt-row-layout-equal kt-tab-layout-inherit kt-mobile-layout-row kt-row-valign-middle\">\n<style>.kadence-column8358_35a78d-de > .kt-inside-inner-col,.kadence-column8358_35a78d-de > .kt-inside-inner-col:before{border-top-left-radius:0px;border-top-right-radius:0px;border-bottom-right-radius:0px;border-bottom-left-radius:0px;}.kadence-column8358_35a78d-de > .kt-inside-inner-col{column-gap:var(--global-kb-gap-sm, 1rem);}.kadence-column8358_35a78d-de > .kt-inside-inner-col{flex-direction:column;}.kadence-column8358_35a78d-de > .kt-inside-inner-col > .aligncenter{width:100%;}.kadence-column8358_35a78d-de > .kt-inside-inner-col:before{opacity:0.3;}.kadence-column8358_35a78d-de{position:relative;}@media all and (max-width: 1024px){.kadence-column8358_35a78d-de > .kt-inside-inner-col{flex-direction:column;justify-content:center;}}@media all and (max-width: 767px){.kadence-column8358_35a78d-de > .kt-inside-inner-col{flex-direction:column;justify-content:center;}}<\/style>\n<div class=\"wp-block-kadence-column kadence-column8358_35a78d-de inner-column-1\"><div class=\"kt-inside-inner-col\"><div class=\"wp-block-image\">\n<figure class=\"aligncenter size-large\"><img loading=\"lazy\" decoding=\"async\" width=\"56\" height=\"56\" src=\"https:\/\/premiumretail.com\/wp-content\/uploads\/sites\/2\/2021\/10\/Group-3.svg\" alt=\"\" class=\"wp-image-3554\"\/><\/figure><\/div>\n\n\n<div style=\"height:10px\" aria-hidden=\"true\" class=\"wp-block-spacer\"><\/div>\n\n\n\n<h4 class=\"wp-block-heading has-text-align-center has-white-color has-text-color\"><strong>CONTACT\/V\u00c9RIFICATION DE L\u2019EMPLOI<\/strong><\/h4>\n\n\n\n<div style=\"height:10px\" aria-hidden=\"true\" class=\"wp-block-spacer\"><\/div>\n\n\n\n<h2 class=\"wp-block-heading has-text-align-center has-white-color has-text-color\"><strong>V\u00e9rification de l\u2019emploi<\/strong><\/h2>\n\n\n\n<p class=\"has-text-align-center has-white-color has-text-color\">Vous pouvez envoyer les demandes de v\u00e9rification des employ\u00e9s canadiens \u00e0 l\u2019adresse suivante : <a class=\"\">HRonboarding@premiumretail.com<\/a>.<\/p>\n<\/div><\/div>\n\n<\/div><\/div>\n\n\n<p class=\"\"><\/p>\n","protected":false},"excerpt":{"rendered":"","protected":false},"author":49,"featured_media":0,"parent":7459,"menu_order":0,"comment_status":"closed","ping_status":"closed","template":"","meta":{"_acf_changed":false,"_kad_blocks_custom_css":"","_kad_blocks_head_custom_js":"","_kad_blocks_body_custom_js":"","_kad_blocks_footer_custom_js":"","footnotes":""},"class_list":["post-8358","page","type-page","status-publish","hentry"],"acf":[],"yoast_head":"<!-- This site is optimized with the Yoast SEO plugin v27.0 - https:\/\/yoast.com\/product\/yoast-seo-wordpress\/ -->\n<title>Premium Retail Services | V\u00e9rification de l\u2019emploi<\/title>\n<meta name=\"description\" content=\"Les tiers peuvent utiliser ce formulaire pour demander une v\u00e9rification de l\u2019emploi ou des revenus de Premium Retail Services.\" \/>\n<meta name=\"robots\" content=\"index, follow, max-snippet:-1, max-image-preview:large, max-video-preview:-1\" \/>\n<link rel=\"canonical\" href=\"https:\/\/premiumretail.com\/fr-CA\/contact\/contact-pour-la-verification-de-lemploi\/\" \/>\n<meta property=\"og:locale\" content=\"fr_CA\" \/>\n<meta property=\"og:type\" content=\"article\" \/>\n<meta property=\"og:title\" content=\"Premium Retail Services | V\u00e9rification de l\u2019emploi\" \/>\n<meta property=\"og:description\" content=\"Les tiers peuvent utiliser ce formulaire pour demander une v\u00e9rification de l\u2019emploi ou des revenus de Premium Retail Services.\" \/>\n<meta property=\"og:url\" content=\"https:\/\/premiumretail.com\/fr-CA\/contact\/contact-pour-la-verification-de-lemploi\/\" \/>\n<meta property=\"og:site_name\" content=\"Premium Retail Services\" \/>\n<meta property=\"article:modified_time\" content=\"2025-04-16T20:21:03+00:00\" \/>\n<meta name=\"twitter:card\" content=\"summary_large_image\" \/>\n<meta name=\"twitter:label1\" content=\"Estimation du temps de lecture\" \/>\n\t<meta name=\"twitter:data1\" content=\"1 minute\" \/>\n<script type=\"application\/ld+json\" class=\"yoast-schema-graph\">{\"@context\":\"https:\/\/schema.org\",\"@graph\":[{\"@type\":\"WebPage\",\"@id\":\"https:\/\/premiumretail.com\/fr-CA\/contact\/contact-pour-la-verification-de-lemploi\/\",\"url\":\"https:\/\/premiumretail.com\/fr-CA\/contact\/contact-pour-la-verification-de-lemploi\/\",\"name\":\"Premium Retail Services | V\u00e9rification de l\u2019emploi\",\"isPartOf\":{\"@id\":\"https:\/\/premiumretail.com\/fr-CA\/#website\"},\"primaryImageOfPage\":{\"@id\":\"https:\/\/premiumretail.com\/fr-CA\/contact\/contact-pour-la-verification-de-lemploi\/#primaryimage\"},\"image\":{\"@id\":\"https:\/\/premiumretail.com\/fr-CA\/contact\/contact-pour-la-verification-de-lemploi\/#primaryimage\"},\"thumbnailUrl\":\"https:\/\/premiumretail.com\/wp-content\/uploads\/sites\/2\/2021\/10\/Group-3.svg\",\"datePublished\":\"2021-09-01T16:20:47+00:00\",\"dateModified\":\"2025-04-16T20:21:03+00:00\",\"description\":\"Les tiers peuvent utiliser ce formulaire pour demander une v\u00e9rification de l\u2019emploi ou des revenus de Premium Retail Services.\",\"breadcrumb\":{\"@id\":\"https:\/\/premiumretail.com\/fr-CA\/contact\/contact-pour-la-verification-de-lemploi\/#breadcrumb\"},\"inLanguage\":\"fr-CA\",\"potentialAction\":[{\"@type\":\"ReadAction\",\"target\":[\"https:\/\/premiumretail.com\/fr-CA\/contact\/contact-pour-la-verification-de-lemploi\/\"]}]},{\"@type\":\"ImageObject\",\"inLanguage\":\"fr-CA\",\"@id\":\"https:\/\/premiumretail.com\/fr-CA\/contact\/contact-pour-la-verification-de-lemploi\/#primaryimage\",\"url\":\"https:\/\/premiumretail.com\/wp-content\/uploads\/sites\/2\/2021\/10\/Group-3.svg\",\"contentUrl\":\"https:\/\/premiumretail.com\/wp-content\/uploads\/sites\/2\/2021\/10\/Group-3.svg\"},{\"@type\":\"BreadcrumbList\",\"@id\":\"https:\/\/premiumretail.com\/fr-CA\/contact\/contact-pour-la-verification-de-lemploi\/#breadcrumb\",\"itemListElement\":[{\"@type\":\"ListItem\",\"position\":1,\"name\":\"Home\",\"item\":\"https:\/\/premiumretail.com\/fr-CA\/\"},{\"@type\":\"ListItem\",\"position\":2,\"name\":\"Contact\",\"item\":\"https:\/\/premiumretail.com\/fr-CA\/contact\/\"},{\"@type\":\"ListItem\",\"position\":3,\"name\":\"Contact pour la v\u00e9rification de l\u2019emploi\"}]},{\"@type\":\"WebSite\",\"@id\":\"https:\/\/premiumretail.com\/fr-CA\/#website\",\"url\":\"https:\/\/premiumretail.com\/fr-CA\/\",\"name\":\"Premium Retail Services\",\"description\":\"Behind every decision.\",\"potentialAction\":[{\"@type\":\"SearchAction\",\"target\":{\"@type\":\"EntryPoint\",\"urlTemplate\":\"https:\/\/premiumretail.com\/fr-CA\/?s={search_term_string}\"},\"query-input\":{\"@type\":\"PropertyValueSpecification\",\"valueRequired\":true,\"valueName\":\"search_term_string\"}}],\"inLanguage\":\"fr-CA\"}]}<\/script>\n<!-- \/ Yoast SEO plugin. -->","yoast_head_json":{"title":"Premium Retail Services | V\u00e9rification de l\u2019emploi","description":"Les tiers peuvent utiliser ce formulaire pour demander une v\u00e9rification de l\u2019emploi ou des revenus de Premium Retail Services.","robots":{"index":"index","follow":"follow","max-snippet":"max-snippet:-1","max-image-preview":"max-image-preview:large","max-video-preview":"max-video-preview:-1"},"canonical":"https:\/\/premiumretail.com\/fr-CA\/contact\/contact-pour-la-verification-de-lemploi\/","og_locale":"fr_CA","og_type":"article","og_title":"Premium Retail Services | V\u00e9rification de l\u2019emploi","og_description":"Les tiers peuvent utiliser ce formulaire pour demander une v\u00e9rification de l\u2019emploi ou des revenus de Premium Retail Services.","og_url":"https:\/\/premiumretail.com\/fr-CA\/contact\/contact-pour-la-verification-de-lemploi\/","og_site_name":"Premium Retail Services","article_modified_time":"2025-04-16T20:21:03+00:00","twitter_card":"summary_large_image","twitter_misc":{"Estimation du temps de lecture":"1 minute"},"schema":{"@context":"https:\/\/schema.org","@graph":[{"@type":"WebPage","@id":"https:\/\/premiumretail.com\/fr-CA\/contact\/contact-pour-la-verification-de-lemploi\/","url":"https:\/\/premiumretail.com\/fr-CA\/contact\/contact-pour-la-verification-de-lemploi\/","name":"Premium Retail Services | V\u00e9rification de l\u2019emploi","isPartOf":{"@id":"https:\/\/premiumretail.com\/fr-CA\/#website"},"primaryImageOfPage":{"@id":"https:\/\/premiumretail.com\/fr-CA\/contact\/contact-pour-la-verification-de-lemploi\/#primaryimage"},"image":{"@id":"https:\/\/premiumretail.com\/fr-CA\/contact\/contact-pour-la-verification-de-lemploi\/#primaryimage"},"thumbnailUrl":"https:\/\/premiumretail.com\/wp-content\/uploads\/sites\/2\/2021\/10\/Group-3.svg","datePublished":"2021-09-01T16:20:47+00:00","dateModified":"2025-04-16T20:21:03+00:00","description":"Les tiers peuvent utiliser ce formulaire pour demander une v\u00e9rification de l\u2019emploi ou des revenus de Premium Retail Services.","breadcrumb":{"@id":"https:\/\/premiumretail.com\/fr-CA\/contact\/contact-pour-la-verification-de-lemploi\/#breadcrumb"},"inLanguage":"fr-CA","potentialAction":[{"@type":"ReadAction","target":["https:\/\/premiumretail.com\/fr-CA\/contact\/contact-pour-la-verification-de-lemploi\/"]}]},{"@type":"ImageObject","inLanguage":"fr-CA","@id":"https:\/\/premiumretail.com\/fr-CA\/contact\/contact-pour-la-verification-de-lemploi\/#primaryimage","url":"https:\/\/premiumretail.com\/wp-content\/uploads\/sites\/2\/2021\/10\/Group-3.svg","contentUrl":"https:\/\/premiumretail.com\/wp-content\/uploads\/sites\/2\/2021\/10\/Group-3.svg"},{"@type":"BreadcrumbList","@id":"https:\/\/premiumretail.com\/fr-CA\/contact\/contact-pour-la-verification-de-lemploi\/#breadcrumb","itemListElement":[{"@type":"ListItem","position":1,"name":"Home","item":"https:\/\/premiumretail.com\/fr-CA\/"},{"@type":"ListItem","position":2,"name":"Contact","item":"https:\/\/premiumretail.com\/fr-CA\/contact\/"},{"@type":"ListItem","position":3,"name":"Contact pour la v\u00e9rification de l\u2019emploi"}]},{"@type":"WebSite","@id":"https:\/\/premiumretail.com\/fr-CA\/#website","url":"https:\/\/premiumretail.com\/fr-CA\/","name":"Premium Retail Services","description":"Behind every decision.","potentialAction":[{"@type":"SearchAction","target":{"@type":"EntryPoint","urlTemplate":"https:\/\/premiumretail.com\/fr-CA\/?s={search_term_string}"},"query-input":{"@type":"PropertyValueSpecification","valueRequired":true,"valueName":"search_term_string"}}],"inLanguage":"fr-CA"}]}},"taxonomy_info":[],"featured_image_src_large":false,"author_info":{"display_name":"Definition Six","author_link":"https:\/\/premiumretail.com\/fr-CA\/author\/definition6\/"},"comment_info":0,"_links":{"self":[{"href":"https:\/\/premiumretail.com\/fr-CA\/wp-json\/wp\/v2\/pages\/8358","targetHints":{"allow":["GET"]}}],"collection":[{"href":"https:\/\/premiumretail.com\/fr-CA\/wp-json\/wp\/v2\/pages"}],"about":[{"href":"https:\/\/premiumretail.com\/fr-CA\/wp-json\/wp\/v2\/types\/page"}],"author":[{"embeddable":true,"href":"https:\/\/premiumretail.com\/fr-CA\/wp-json\/wp\/v2\/users\/49"}],"replies":[{"embeddable":true,"href":"https:\/\/premiumretail.com\/fr-CA\/wp-json\/wp\/v2\/comments?post=8358"}],"version-history":[{"count":0,"href":"https:\/\/premiumretail.com\/fr-CA\/wp-json\/wp\/v2\/pages\/8358\/revisions"}],"up":[{"embeddable":true,"href":"https:\/\/premiumretail.com\/fr-CA\/wp-json\/wp\/v2\/pages\/7459"}],"wp:attachment":[{"href":"https:\/\/premiumretail.com\/fr-CA\/wp-json\/wp\/v2\/media?parent=8358"}],"curies":[{"name":"wp","href":"https:\/\/api.w.org\/{rel}","templated":true}]}}