{"id":7693,"date":"2022-01-28T15:33:51","date_gmt":"2022-01-28T21:33:51","guid":{"rendered":"https:\/\/premiumretail.com\/contact\/contact-pour-les-solutions-merci\/"},"modified":"2025-03-20T10:35:48","modified_gmt":"2025-03-20T15:35:48","slug":"contact-pour-les-solutions-merci","status":"publish","type":"page","link":"https:\/\/premiumretail.com\/fr-CA\/contact\/contact-pour-les-solutions-merci\/","title":{"rendered":"Contact pour les solutions &#8211; Merci"},"content":{"rendered":"<style>#kt-layout-id_c69202-45 > .kt-row-column-wrap{align-content:center;}:where(#kt-layout-id_c69202-45 > .kt-row-column-wrap) > .wp-block-kadence-column{justify-content:center;}#kt-layout-id_c69202-45 > .kt-row-column-wrap{column-gap:var(--global-kb-gap-md, 2rem);row-gap:var(--global-kb-gap-md, 2rem);padding-top:var( --global-kb-row-default-top, 25px );padding-bottom:var( --global-kb-row-default-bottom, 25px );padding-top:110px;padding-bottom:80px;grid-template-columns:minmax(0, 1fr);}#kt-layout-id_c69202-45 > .kt-row-layout-overlay{opacity:1;background-image:linear-gradient(90deg, #01526a 0%, #3bbec4 100%);}@media all and (max-width: 1024px){#kt-layout-id_c69202-45 > .kt-row-column-wrap{padding-top:25px;padding-bottom:25px;grid-template-columns:minmax(0, 1fr);}}@media all and (max-width: 767px){#kt-layout-id_c69202-45 > .kt-row-column-wrap{grid-template-columns:minmax(0, 1fr);}}<\/style>\n<div class=\"wp-block-kadence-rowlayout alignfull\"><div id=\"kt-layout-id_c69202-45\" class=\"kt-row-layout-inner kt-row-has-bg kt-layout-id_c69202-45\"><div class=\"kt-row-layout-overlay kt-row-overlay-gradient\"><\/div><div class=\"kt-row-column-wrap kt-has-1-columns kt-gutter-default kt-v-gutter-default kt-row-valign-middle kt-row-layout-equal kt-tab-layout-inherit kt-m-colapse-left-to-right kt-mobile-layout-row\"><style>.kadence-column_df8c9c-a9 > .kt-inside-inner-col{border-top-width:0px;border-right-width:0px;border-bottom-width:0px;border-left-width:0px;}.kadence-column_df8c9c-a9 > .kt-inside-inner-col,.kadence-column_df8c9c-a9 > .kt-inside-inner-col:before{border-top-left-radius:0px;border-top-right-radius:0px;border-bottom-right-radius:0px;border-bottom-left-radius:0px;}.kadence-column_df8c9c-a9 > .kt-inside-inner-col{column-gap:var(--global-kb-gap-sm, 1rem);}.kadence-column_df8c9c-a9 > .kt-inside-inner-col{flex-direction:column;}.kadence-column_df8c9c-a9 > .kt-inside-inner-col > .aligncenter{width:100%;}.kadence-column_df8c9c-a9 > .kt-inside-inner-col:before{opacity:0.3;}.kadence-column_df8c9c-a9{position:relative;}@media all and (max-width: 1024px){.kadence-column_df8c9c-a9 > .kt-inside-inner-col{flex-direction:column;justify-content:center;}}@media all and (max-width: 767px){.kadence-column_df8c9c-a9 > .kt-inside-inner-col{flex-direction:column;justify-content:center;}}<\/style>\n<div class=\"wp-block-kadence-column inner-column-1 kadence-column_df8c9c-a9\"><div class=\"kt-inside-inner-col\">\n<div class=\"wp-block-image\"><figure class=\"aligncenter size-large\"><img loading=\"lazy\" decoding=\"async\" width=\"56\" height=\"56\" src=\"https:\/\/premiumretail.com\/wp-content\/uploads\/sites\/2\/2021\/10\/Group-784.svg\" alt=\"\" class=\"wp-image-3557\"\/><\/figure><\/div>\n\n\n\n<div style=\"height:10px\" aria-hidden=\"true\" class=\"wp-block-spacer\"><\/div>\n\n\n\n<h4 class=\"has-text-align-center has-white-color has-text-color wp-block-heading\"><strong>CONTACT\/SOLUTIONS<\/strong><\/h4>\n\n\n\n<div style=\"height:10px\" aria-hidden=\"true\" class=\"wp-block-spacer\"><\/div>\n\n\n\n<h2 class=\"has-text-align-center has-white-color has-text-color wp-block-heading\"><strong>Demande de proposition<\/strong><\/h2>\n\n\n\n<p class=\"has-text-align-center has-white-color has-text-color\">Travaillons ensemble pour faire rayonner votre marque.<\/p>\n<\/div><\/div>\n<\/div><\/div><\/div>\n<style>#kt-layout-id_4db019-a2 > .kt-row-column-wrap{align-content:start;}:where(#kt-layout-id_4db019-a2 > .kt-row-column-wrap) > .wp-block-kadence-column{justify-content:start;}#kt-layout-id_4db019-a2 > .kt-row-column-wrap{column-gap:var(--global-kb-gap-md, 2rem);row-gap:var(--global-kb-gap-md, 2rem);max-width:50vw;margin-left:auto;margin-right:auto;padding-top:var( --global-kb-row-default-top, 25px );padding-bottom:var( --global-kb-row-default-bottom, 25px );padding-top:90px;padding-bottom:138px;grid-template-columns:minmax(0, 1fr);}#kt-layout-id_4db019-a2 > .kt-row-layout-overlay{opacity:0.30;}@media all and (max-width: 1024px){#kt-layout-id_4db019-a2 > .kt-row-column-wrap{max-width:100vw;margin-left:auto;margin-right:auto;grid-template-columns:minmax(0, 1fr);}}@media all and (max-width: 767px){#kt-layout-id_4db019-a2 > .kt-row-column-wrap{grid-template-columns:minmax(0, 1fr);}}<\/style>\n<div class=\"wp-block-kadence-rowlayout alignwide\"><div id=\"kt-layout-id_4db019-a2\" class=\"kt-row-layout-inner kt-layout-id_4db019-a2\"><div class=\"kt-row-column-wrap kt-has-1-columns kt-gutter-default kt-v-gutter-default kt-row-valign-top kt-row-layout-equal kt-tab-layout-inherit kt-m-colapse-left-to-right kt-mobile-layout-row\"><style>.kadence-column_526386-1f > .kt-inside-inner-col{border-top-width:0px;border-right-width:0px;border-bottom-width:0px;border-left-width:0px;}.kadence-column_526386-1f > .kt-inside-inner-col,.kadence-column_526386-1f > .kt-inside-inner-col:before{border-top-left-radius:0px;border-top-right-radius:0px;border-bottom-right-radius:0px;border-bottom-left-radius:0px;}.kadence-column_526386-1f > .kt-inside-inner-col{column-gap:var(--global-kb-gap-sm, 1rem);}.kadence-column_526386-1f > .kt-inside-inner-col{flex-direction:column;}.kadence-column_526386-1f > .kt-inside-inner-col > .aligncenter{width:100%;}.kadence-column_526386-1f > .kt-inside-inner-col:before{opacity:0.3;}.kadence-column_526386-1f{position:relative;}@media all and (max-width: 1024px){.kadence-column_526386-1f > .kt-inside-inner-col{flex-direction:column;justify-content:center;}}@media all and (max-width: 767px){.kadence-column_526386-1f > .kt-inside-inner-col{flex-direction:column;justify-content:center;}}<\/style>\n<div class=\"wp-block-kadence-column inner-column-1 kadence-column_526386-1f\"><div class=\"kt-inside-inner-col\">\n<p class=\"has-text-align-center\">Merci de votre int\u00e9r\u00eat \u00e0 \u00e9tablir un partenariat avec Premium. Nous avons h\u00e2te de travailler avec vous et nous vous contacterons bient\u00f4t. En attendant, jetez un coup d\u2019\u0153il \u00e0 certaines des \u00e9tudes de cas de nos clients ou mises \u00e0 jour r\u00e9centes . <a href=\"https:\/\/premiumretail.com\/fr-CA\/notre-travail\/\"> <\/a> <a href=\"https:\/\/premiumretail.com\/fr-CA\/category\/uncategorized-fr-ca\/\"> <\/a> <\/p>\n<\/div><\/div>\n<\/div><\/div><\/div>\n","protected":false},"excerpt":{"rendered":"","protected":false},"author":49,"featured_media":0,"parent":7459,"menu_order":0,"comment_status":"closed","ping_status":"closed","template":"","meta":{"_acf_changed":false,"_kad_blocks_custom_css":"","_kad_blocks_head_custom_js":"","_kad_blocks_body_custom_js":"","_kad_blocks_footer_custom_js":"","footnotes":""},"class_list":["post-7693","page","type-page","status-publish","hentry"],"acf":[],"yoast_head":"<!-- This site is optimized with the Yoast SEO plugin v27.0 - https:\/\/yoast.com\/product\/yoast-seo-wordpress\/ -->\n<title>Contact pour les solutions - Merci - Premium Retail Services<\/title>\n<meta name=\"robots\" content=\"index, follow, max-snippet:-1, max-image-preview:large, max-video-preview:-1\" \/>\n<link rel=\"canonical\" href=\"https:\/\/premiumretail.com\/fr-CA\/contact\/contact-pour-les-solutions-merci\/\" \/>\n<meta property=\"og:locale\" content=\"fr_CA\" \/>\n<meta property=\"og:type\" content=\"article\" \/>\n<meta property=\"og:title\" content=\"Contact pour les solutions - Merci - Premium Retail Services\" \/>\n<meta property=\"og:url\" content=\"https:\/\/premiumretail.com\/fr-CA\/contact\/contact-pour-les-solutions-merci\/\" \/>\n<meta property=\"og:site_name\" content=\"Premium Retail Services\" \/>\n<meta property=\"article:modified_time\" content=\"2025-03-20T15:35:48+00:00\" \/>\n<meta name=\"twitter:card\" content=\"summary_large_image\" \/>\n<script type=\"application\/ld+json\" class=\"yoast-schema-graph\">{\"@context\":\"https:\/\/schema.org\",\"@graph\":[{\"@type\":\"WebPage\",\"@id\":\"https:\/\/premiumretail.com\/fr-CA\/contact\/contact-pour-les-solutions-merci\/\",\"url\":\"https:\/\/premiumretail.com\/fr-CA\/contact\/contact-pour-les-solutions-merci\/\",\"name\":\"Contact pour les solutions - Merci - Premium Retail Services\",\"isPartOf\":{\"@id\":\"https:\/\/premiumretail.com\/fr-CA\/#website\"},\"primaryImageOfPage\":{\"@id\":\"https:\/\/premiumretail.com\/fr-CA\/contact\/contact-pour-les-solutions-merci\/#primaryimage\"},\"image\":{\"@id\":\"https:\/\/premiumretail.com\/fr-CA\/contact\/contact-pour-les-solutions-merci\/#primaryimage\"},\"thumbnailUrl\":\"https:\/\/premiumretail.com\/wp-content\/uploads\/sites\/2\/2021\/10\/Group-784.svg\",\"datePublished\":\"2022-01-28T21:33:51+00:00\",\"dateModified\":\"2025-03-20T15:35:48+00:00\",\"breadcrumb\":{\"@id\":\"https:\/\/premiumretail.com\/fr-CA\/contact\/contact-pour-les-solutions-merci\/#breadcrumb\"},\"inLanguage\":\"fr-CA\",\"potentialAction\":[{\"@type\":\"ReadAction\",\"target\":[\"https:\/\/premiumretail.com\/fr-CA\/contact\/contact-pour-les-solutions-merci\/\"]}]},{\"@type\":\"ImageObject\",\"inLanguage\":\"fr-CA\",\"@id\":\"https:\/\/premiumretail.com\/fr-CA\/contact\/contact-pour-les-solutions-merci\/#primaryimage\",\"url\":\"https:\/\/premiumretail.com\/wp-content\/uploads\/sites\/2\/2021\/10\/Group-784.svg\",\"contentUrl\":\"https:\/\/premiumretail.com\/wp-content\/uploads\/sites\/2\/2021\/10\/Group-784.svg\"},{\"@type\":\"BreadcrumbList\",\"@id\":\"https:\/\/premiumretail.com\/fr-CA\/contact\/contact-pour-les-solutions-merci\/#breadcrumb\",\"itemListElement\":[{\"@type\":\"ListItem\",\"position\":1,\"name\":\"Home\",\"item\":\"https:\/\/premiumretail.com\/fr-CA\/\"},{\"@type\":\"ListItem\",\"position\":2,\"name\":\"Contact\",\"item\":\"https:\/\/premiumretail.com\/fr-CA\/contact\/\"},{\"@type\":\"ListItem\",\"position\":3,\"name\":\"Contact pour les solutions &#8211; Merci\"}]},{\"@type\":\"WebSite\",\"@id\":\"https:\/\/premiumretail.com\/fr-CA\/#website\",\"url\":\"https:\/\/premiumretail.com\/fr-CA\/\",\"name\":\"Premium Retail Services\",\"description\":\"Behind every decision.\",\"potentialAction\":[{\"@type\":\"SearchAction\",\"target\":{\"@type\":\"EntryPoint\",\"urlTemplate\":\"https:\/\/premiumretail.com\/fr-CA\/?s={search_term_string}\"},\"query-input\":{\"@type\":\"PropertyValueSpecification\",\"valueRequired\":true,\"valueName\":\"search_term_string\"}}],\"inLanguage\":\"fr-CA\"}]}<\/script>\n<!-- \/ Yoast SEO plugin. -->","yoast_head_json":{"title":"Contact pour les solutions - Merci - Premium Retail Services","robots":{"index":"index","follow":"follow","max-snippet":"max-snippet:-1","max-image-preview":"max-image-preview:large","max-video-preview":"max-video-preview:-1"},"canonical":"https:\/\/premiumretail.com\/fr-CA\/contact\/contact-pour-les-solutions-merci\/","og_locale":"fr_CA","og_type":"article","og_title":"Contact pour les solutions - Merci - Premium Retail Services","og_url":"https:\/\/premiumretail.com\/fr-CA\/contact\/contact-pour-les-solutions-merci\/","og_site_name":"Premium Retail Services","article_modified_time":"2025-03-20T15:35:48+00:00","twitter_card":"summary_large_image","schema":{"@context":"https:\/\/schema.org","@graph":[{"@type":"WebPage","@id":"https:\/\/premiumretail.com\/fr-CA\/contact\/contact-pour-les-solutions-merci\/","url":"https:\/\/premiumretail.com\/fr-CA\/contact\/contact-pour-les-solutions-merci\/","name":"Contact pour les solutions - Merci - Premium Retail Services","isPartOf":{"@id":"https:\/\/premiumretail.com\/fr-CA\/#website"},"primaryImageOfPage":{"@id":"https:\/\/premiumretail.com\/fr-CA\/contact\/contact-pour-les-solutions-merci\/#primaryimage"},"image":{"@id":"https:\/\/premiumretail.com\/fr-CA\/contact\/contact-pour-les-solutions-merci\/#primaryimage"},"thumbnailUrl":"https:\/\/premiumretail.com\/wp-content\/uploads\/sites\/2\/2021\/10\/Group-784.svg","datePublished":"2022-01-28T21:33:51+00:00","dateModified":"2025-03-20T15:35:48+00:00","breadcrumb":{"@id":"https:\/\/premiumretail.com\/fr-CA\/contact\/contact-pour-les-solutions-merci\/#breadcrumb"},"inLanguage":"fr-CA","potentialAction":[{"@type":"ReadAction","target":["https:\/\/premiumretail.com\/fr-CA\/contact\/contact-pour-les-solutions-merci\/"]}]},{"@type":"ImageObject","inLanguage":"fr-CA","@id":"https:\/\/premiumretail.com\/fr-CA\/contact\/contact-pour-les-solutions-merci\/#primaryimage","url":"https:\/\/premiumretail.com\/wp-content\/uploads\/sites\/2\/2021\/10\/Group-784.svg","contentUrl":"https:\/\/premiumretail.com\/wp-content\/uploads\/sites\/2\/2021\/10\/Group-784.svg"},{"@type":"BreadcrumbList","@id":"https:\/\/premiumretail.com\/fr-CA\/contact\/contact-pour-les-solutions-merci\/#breadcrumb","itemListElement":[{"@type":"ListItem","position":1,"name":"Home","item":"https:\/\/premiumretail.com\/fr-CA\/"},{"@type":"ListItem","position":2,"name":"Contact","item":"https:\/\/premiumretail.com\/fr-CA\/contact\/"},{"@type":"ListItem","position":3,"name":"Contact pour les solutions &#8211; Merci"}]},{"@type":"WebSite","@id":"https:\/\/premiumretail.com\/fr-CA\/#website","url":"https:\/\/premiumretail.com\/fr-CA\/","name":"Premium Retail Services","description":"Behind every decision.","potentialAction":[{"@type":"SearchAction","target":{"@type":"EntryPoint","urlTemplate":"https:\/\/premiumretail.com\/fr-CA\/?s={search_term_string}"},"query-input":{"@type":"PropertyValueSpecification","valueRequired":true,"valueName":"search_term_string"}}],"inLanguage":"fr-CA"}]}},"taxonomy_info":[],"featured_image_src_large":false,"author_info":{"display_name":"Definition Six","author_link":"https:\/\/premiumretail.com\/fr-CA\/author\/definition6\/"},"comment_info":0,"_links":{"self":[{"href":"https:\/\/premiumretail.com\/fr-CA\/wp-json\/wp\/v2\/pages\/7693","targetHints":{"allow":["GET"]}}],"collection":[{"href":"https:\/\/premiumretail.com\/fr-CA\/wp-json\/wp\/v2\/pages"}],"about":[{"href":"https:\/\/premiumretail.com\/fr-CA\/wp-json\/wp\/v2\/types\/page"}],"author":[{"embeddable":true,"href":"https:\/\/premiumretail.com\/fr-CA\/wp-json\/wp\/v2\/users\/49"}],"replies":[{"embeddable":true,"href":"https:\/\/premiumretail.com\/fr-CA\/wp-json\/wp\/v2\/comments?post=7693"}],"version-history":[{"count":0,"href":"https:\/\/premiumretail.com\/fr-CA\/wp-json\/wp\/v2\/pages\/7693\/revisions"}],"up":[{"embeddable":true,"href":"https:\/\/premiumretail.com\/fr-CA\/wp-json\/wp\/v2\/pages\/7459"}],"wp:attachment":[{"href":"https:\/\/premiumretail.com\/fr-CA\/wp-json\/wp\/v2\/media?parent=7693"}],"curies":[{"name":"wp","href":"https:\/\/api.w.org\/{rel}","templated":true}]}}