{"id":7649,"date":"2021-10-29T10:15:15","date_gmt":"2021-10-29T15:15:15","guid":{"rendered":"https:\/\/premiumretail.com\/404-page-introuvable\/"},"modified":"2025-01-21T13:09:49","modified_gmt":"2025-01-21T19:09:49","slug":"404-page-introuvable","status":"publish","type":"page","link":"https:\/\/premiumretail.com\/fr-CA\/404-page-introuvable\/","title":{"rendered":"404 &#8211; Page introuvable"},"content":{"rendered":"<style>#kt-layout-id_f2602a-a1 > .kt-row-column-wrap{align-content:start;}:where(#kt-layout-id_f2602a-a1 > .kt-row-column-wrap) > .wp-block-kadence-column{justify-content:start;}#kt-layout-id_f2602a-a1 > .kt-row-column-wrap{column-gap:var(--global-kb-gap-md, 2rem);row-gap:var(--global-kb-gap-md, 2rem);max-width:850px;margin-left:auto;margin-right:auto;padding-top:var( --global-kb-row-default-top, 25px );padding-bottom:var( --global-kb-row-default-bottom, 25px );padding-top:200px;padding-bottom:100px;grid-template-columns:minmax(0, 1fr);}#kt-layout-id_f2602a-a1 > .kt-row-layout-overlay{opacity:0.30;}@media all and (max-width: 1024px){#kt-layout-id_f2602a-a1 > .kt-row-column-wrap{grid-template-columns:minmax(0, 1fr);}}@media all and (max-width: 767px){#kt-layout-id_f2602a-a1 > .kt-row-column-wrap{padding-top:100px;padding-bottom:50px;grid-template-columns:minmax(0, 1fr);}}<\/style>\n<div class=\"wp-block-kadence-rowlayout alignnone\"><div id=\"kt-layout-id_f2602a-a1\" class=\"kt-row-layout-inner kt-layout-id_f2602a-a1\"><div class=\"kt-row-column-wrap kt-has-1-columns kt-gutter-default kt-v-gutter-default kt-row-valign-top kt-row-layout-equal kt-tab-layout-inherit kt-m-colapse-left-to-right kt-mobile-layout-row\"><style>.kadence-column_aeb8a8-a5 > .kt-inside-inner-col{padding-top:150px;padding-bottom:150px;padding-left:150px;padding-right:150px;}.kadence-column_aeb8a8-a5 > .kt-inside-inner-col{border-top-width:0px;border-right-width:0px;border-bottom-width:0px;border-left-width:0px;}.kadence-column_aeb8a8-a5 > .kt-inside-inner-col,.kadence-column_aeb8a8-a5 > .kt-inside-inner-col:before{border-top-left-radius:0px;border-top-right-radius:0px;border-bottom-right-radius:0px;border-bottom-left-radius:0px;}.kadence-column_aeb8a8-a5 > .kt-inside-inner-col{column-gap:var(--global-kb-gap-sm, 1rem);}.kadence-column_aeb8a8-a5 > .kt-inside-inner-col{flex-direction:column;}.kadence-column_aeb8a8-a5 > .kt-inside-inner-col > .aligncenter{width:100%;}.kadence-column_aeb8a8-a5 > .kt-inside-inner-col{background-image:url('https:\/\/premiumretail.com\/wp-content\/uploads\/sites\/2\/2021\/10\/404bg.svg');background-size:contain;background-position:center center;background-attachment:scroll;background-repeat:no-repeat;}.kadence-column_aeb8a8-a5 > .kt-inside-inner-col:before{opacity:0.3;}.kadence-column_aeb8a8-a5{text-align:center;}.kadence-column_aeb8a8-a5{position:relative;}@media all and (max-width: 1024px){.kadence-column_aeb8a8-a5 > .kt-inside-inner-col{flex-direction:column;justify-content:center;}}@media all and (max-width: 767px){.kadence-column_aeb8a8-a5 > .kt-inside-inner-col{padding-top:50px;padding-bottom:50px;padding-left:25px;padding-right:25px;flex-direction:column;justify-content:center;}}<\/style>\n<div class=\"wp-block-kadence-column inner-column-1 kadence-column_aeb8a8-a5\"><div class=\"kt-inside-inner-col\">\n<h4 class=\"has-green-color has-text-color wp-block-heading\">Erreur 404<\/h4>\n\n\n<style>.wp-block-kadence-advancedheading.kt-adv-heading_3949e0-fc, .wp-block-kadence-advancedheading.kt-adv-heading_3949e0-fc[data-kb-block=\"kb-adv-heading_3949e0-fc\"]{margin-bottom:0px;font-style:normal;}.wp-block-kadence-advancedheading.kt-adv-heading_3949e0-fc mark.kt-highlight, .wp-block-kadence-advancedheading.kt-adv-heading_3949e0-fc[data-kb-block=\"kb-adv-heading_3949e0-fc\"] mark.kt-highlight{font-style:normal;color:#f76a0c;-webkit-box-decoration-break:clone;box-decoration-break:clone;padding-top:0px;padding-right:0px;padding-bottom:0px;padding-left:0px;}.wp-block-kadence-advancedheading.kt-adv-heading_3949e0-fc img.kb-inline-image, .wp-block-kadence-advancedheading.kt-adv-heading_3949e0-fc[data-kb-block=\"kb-adv-heading_3949e0-fc\"] img.kb-inline-image{width:150px;vertical-align:baseline;}<\/style>\n<h1 class=\"kt-adv-heading_3949e0-fc wp-block-kadence-advancedheading\" data-kb-block=\"kb-adv-heading_3949e0-fc\">Page introuvable.<\/h1>\n\n\n\n<p class=\"\">Le lien sur lequel vous avez cliqu\u00e9 ne fonctionne peut-\u00eatre pas ou la page a pu \u00eatre \u00e9t\u00e9 supprim\u00e9e ou renomm\u00e9e.<\/p>\n\n\n\n<div class=\"wp-block-buttons is-content-justification-center is-layout-flex wp-block-buttons-is-layout-flex\">\n<div class=\"wp-block-button\"><a class=\"wp-block-button__link\" href=\"https:\/\/premiumretail.com\/fr-CA\/\">Retour \u00e0 la page d\u2019accueil<\/a><\/div>\n<\/div>\n<\/div><\/div>\n<\/div><\/div><\/div>\n","protected":false},"excerpt":{"rendered":"","protected":false},"author":49,"featured_media":0,"parent":0,"menu_order":0,"comment_status":"closed","ping_status":"closed","template":"","meta":{"_acf_changed":false,"_kad_blocks_custom_css":"","_kad_blocks_head_custom_js":"","_kad_blocks_body_custom_js":"","_kad_blocks_footer_custom_js":"","footnotes":""},"class_list":["post-7649","page","type-page","status-publish","hentry"],"acf":[],"yoast_head":"<!-- This site is optimized with the Yoast SEO plugin v27.0 - https:\/\/yoast.com\/product\/yoast-seo-wordpress\/ -->\n<title>404 - Page introuvable - Premium Retail Services<\/title>\n<meta name=\"robots\" content=\"index, follow, max-snippet:-1, max-image-preview:large, max-video-preview:-1\" \/>\n<link rel=\"canonical\" href=\"https:\/\/premiumretail.com\/fr-CA\/404-page-introuvable\/\" \/>\n<meta property=\"og:locale\" content=\"fr_CA\" \/>\n<meta property=\"og:type\" content=\"article\" \/>\n<meta property=\"og:title\" content=\"404 - Page introuvable - Premium Retail Services\" \/>\n<meta property=\"og:url\" content=\"https:\/\/premiumretail.com\/fr-CA\/404-page-introuvable\/\" \/>\n<meta property=\"og:site_name\" content=\"Premium Retail Services\" \/>\n<meta property=\"article:modified_time\" content=\"2025-01-21T19:09:49+00:00\" \/>\n<meta name=\"twitter:card\" content=\"summary_large_image\" \/>\n<script type=\"application\/ld+json\" class=\"yoast-schema-graph\">{\"@context\":\"https:\/\/schema.org\",\"@graph\":[{\"@type\":\"WebPage\",\"@id\":\"https:\/\/premiumretail.com\/fr-CA\/404-page-introuvable\/\",\"url\":\"https:\/\/premiumretail.com\/fr-CA\/404-page-introuvable\/\",\"name\":\"404 - Page introuvable - Premium Retail Services\",\"isPartOf\":{\"@id\":\"https:\/\/premiumretail.com\/fr-CA\/#website\"},\"datePublished\":\"2021-10-29T15:15:15+00:00\",\"dateModified\":\"2025-01-21T19:09:49+00:00\",\"breadcrumb\":{\"@id\":\"https:\/\/premiumretail.com\/fr-CA\/404-page-introuvable\/#breadcrumb\"},\"inLanguage\":\"fr-CA\",\"potentialAction\":[{\"@type\":\"ReadAction\",\"target\":[\"https:\/\/premiumretail.com\/fr-CA\/404-page-introuvable\/\"]}]},{\"@type\":\"BreadcrumbList\",\"@id\":\"https:\/\/premiumretail.com\/fr-CA\/404-page-introuvable\/#breadcrumb\",\"itemListElement\":[{\"@type\":\"ListItem\",\"position\":1,\"name\":\"Home\",\"item\":\"https:\/\/premiumretail.com\/fr-CA\/\"},{\"@type\":\"ListItem\",\"position\":2,\"name\":\"404 &#8211; Page introuvable\"}]},{\"@type\":\"WebSite\",\"@id\":\"https:\/\/premiumretail.com\/fr-CA\/#website\",\"url\":\"https:\/\/premiumretail.com\/fr-CA\/\",\"name\":\"Premium Retail Services\",\"description\":\"Behind every decision.\",\"potentialAction\":[{\"@type\":\"SearchAction\",\"target\":{\"@type\":\"EntryPoint\",\"urlTemplate\":\"https:\/\/premiumretail.com\/fr-CA\/?s={search_term_string}\"},\"query-input\":{\"@type\":\"PropertyValueSpecification\",\"valueRequired\":true,\"valueName\":\"search_term_string\"}}],\"inLanguage\":\"fr-CA\"}]}<\/script>\n<!-- \/ Yoast SEO plugin. -->","yoast_head_json":{"title":"404 - Page introuvable - Premium Retail Services","robots":{"index":"index","follow":"follow","max-snippet":"max-snippet:-1","max-image-preview":"max-image-preview:large","max-video-preview":"max-video-preview:-1"},"canonical":"https:\/\/premiumretail.com\/fr-CA\/404-page-introuvable\/","og_locale":"fr_CA","og_type":"article","og_title":"404 - Page introuvable - Premium Retail Services","og_url":"https:\/\/premiumretail.com\/fr-CA\/404-page-introuvable\/","og_site_name":"Premium Retail Services","article_modified_time":"2025-01-21T19:09:49+00:00","twitter_card":"summary_large_image","schema":{"@context":"https:\/\/schema.org","@graph":[{"@type":"WebPage","@id":"https:\/\/premiumretail.com\/fr-CA\/404-page-introuvable\/","url":"https:\/\/premiumretail.com\/fr-CA\/404-page-introuvable\/","name":"404 - Page introuvable - Premium Retail Services","isPartOf":{"@id":"https:\/\/premiumretail.com\/fr-CA\/#website"},"datePublished":"2021-10-29T15:15:15+00:00","dateModified":"2025-01-21T19:09:49+00:00","breadcrumb":{"@id":"https:\/\/premiumretail.com\/fr-CA\/404-page-introuvable\/#breadcrumb"},"inLanguage":"fr-CA","potentialAction":[{"@type":"ReadAction","target":["https:\/\/premiumretail.com\/fr-CA\/404-page-introuvable\/"]}]},{"@type":"BreadcrumbList","@id":"https:\/\/premiumretail.com\/fr-CA\/404-page-introuvable\/#breadcrumb","itemListElement":[{"@type":"ListItem","position":1,"name":"Home","item":"https:\/\/premiumretail.com\/fr-CA\/"},{"@type":"ListItem","position":2,"name":"404 &#8211; Page introuvable"}]},{"@type":"WebSite","@id":"https:\/\/premiumretail.com\/fr-CA\/#website","url":"https:\/\/premiumretail.com\/fr-CA\/","name":"Premium Retail Services","description":"Behind every decision.","potentialAction":[{"@type":"SearchAction","target":{"@type":"EntryPoint","urlTemplate":"https:\/\/premiumretail.com\/fr-CA\/?s={search_term_string}"},"query-input":{"@type":"PropertyValueSpecification","valueRequired":true,"valueName":"search_term_string"}}],"inLanguage":"fr-CA"}]}},"taxonomy_info":[],"featured_image_src_large":false,"author_info":{"display_name":"Definition Six","author_link":"https:\/\/premiumretail.com\/fr-CA\/author\/definition6\/"},"comment_info":0,"_links":{"self":[{"href":"https:\/\/premiumretail.com\/fr-CA\/wp-json\/wp\/v2\/pages\/7649","targetHints":{"allow":["GET"]}}],"collection":[{"href":"https:\/\/premiumretail.com\/fr-CA\/wp-json\/wp\/v2\/pages"}],"about":[{"href":"https:\/\/premiumretail.com\/fr-CA\/wp-json\/wp\/v2\/types\/page"}],"author":[{"embeddable":true,"href":"https:\/\/premiumretail.com\/fr-CA\/wp-json\/wp\/v2\/users\/49"}],"replies":[{"embeddable":true,"href":"https:\/\/premiumretail.com\/fr-CA\/wp-json\/wp\/v2\/comments?post=7649"}],"version-history":[{"count":0,"href":"https:\/\/premiumretail.com\/fr-CA\/wp-json\/wp\/v2\/pages\/7649\/revisions"}],"wp:attachment":[{"href":"https:\/\/premiumretail.com\/fr-CA\/wp-json\/wp\/v2\/media?parent=7649"}],"curies":[{"name":"wp","href":"https:\/\/api.w.org\/{rel}","templated":true}]}}